{"id":16,"date":"2021-05-19T07:42:09","date_gmt":"2021-05-19T07:42:09","guid":{"rendered":"https:\/\/www.roderickluckow.com\/contact\/"},"modified":"2023-06-20T11:29:37","modified_gmt":"2023-06-20T11:29:37","slug":"contact","status":"publish","type":"page","link":"https:\/\/www.roderickluckow.com\/de\/contact\/","title":{"rendered":"Kontakt"},"content":{"rendered":"<div data-elementor-type=\"wp-page\" data-elementor-id=\"16\" class=\"elementor elementor-16\" data-elementor-post-type=\"page\">\n\t\t\t\t\t\t<section class=\"elementor-section elementor-top-section elementor-element elementor-element-9c681b1 elementor-section-height-min-height elementor-reverse-mobile elementor-section-boxed elementor-section-height-default elementor-section-items-middle\" data-id=\"9c681b1\" data-element_type=\"section\" data-settings=\"{&quot;background_background&quot;:&quot;classic&quot;}\">\n\t\t\t\t\t\t\t<div class=\"elementor-background-overlay\"><\/div>\n\t\t\t\t\t\t\t<div class=\"elementor-container elementor-column-gap-no\">\n\t\t\t\t\t<div class=\"elementor-column elementor-col-50 elementor-top-column elementor-element elementor-element-1149cce\" data-id=\"1149cce\" data-element_type=\"column\">\n\t\t\t<div class=\"elementor-widget-wrap elementor-element-populated\">\n\t\t\t\t\t\t<div class=\"elementor-element elementor-element-465ff67 elementor-widget-divider--view-line elementor-widget elementor-widget-divider\" data-id=\"465ff67\" data-element_type=\"widget\" data-widget_type=\"divider.default\">\n\t\t\t\t<div class=\"elementor-widget-container\">\n\t\t\t\t\t\t\t<div class=\"elementor-divider\">\n\t\t\t<span class=\"elementor-divider-separator\">\n\t\t\t\t\t\t<\/span>\n\t\t<\/div>\n\t\t\t\t\t\t<\/div>\n\t\t\t\t<\/div>\n\t\t\t\t<div class=\"elementor-element elementor-element-caba11c elementor-widget elementor-widget-heading\" data-id=\"caba11c\" data-element_type=\"widget\" data-widget_type=\"heading.default\">\n\t\t\t\t<div class=\"elementor-widget-container\">\n\t\t\t\t\t<h1 class=\"elementor-heading-title elementor-size-default\">Kontakt<\/h1>\t\t\t\t<\/div>\n\t\t\t\t<\/div>\n\t\t\t\t\t<\/div>\n\t\t<\/div>\n\t\t\t\t<div class=\"elementor-column elementor-col-50 elementor-top-column elementor-element elementor-element-441b422\" data-id=\"441b422\" data-element_type=\"column\">\n\t\t\t<div class=\"elementor-widget-wrap elementor-element-populated\">\n\t\t\t\t\t\t<div class=\"elementor-element elementor-element-343170a elementor-widget elementor-widget-image\" data-id=\"343170a\" data-element_type=\"widget\" data-widget_type=\"image.default\">\n\t\t\t\t<div class=\"elementor-widget-container\">\n\t\t\t\t\t\t\t\t\t\t\t\t\t\t\t<img fetchpriority=\"high\" decoding=\"async\" width=\"670\" height=\"670\" src=\"https:\/\/www.roderickluckow.com\/wp-content\/uploads\/2021\/05\/bg-04-free-img.jpg\" class=\"attachment-full size-full wp-image-265\" alt=\"\" srcset=\"https:\/\/www.roderickluckow.com\/wp-content\/uploads\/2021\/05\/bg-04-free-img.jpg 670w, https:\/\/www.roderickluckow.com\/wp-content\/uploads\/2021\/05\/bg-04-free-img-300x300.jpg 300w, https:\/\/www.roderickluckow.com\/wp-content\/uploads\/2021\/05\/bg-04-free-img-150x150.jpg 150w\" sizes=\"(max-width: 670px) 100vw, 670px\" \/>\t\t\t\t\t\t\t\t\t\t\t\t\t\t\t<\/div>\n\t\t\t\t<\/div>\n\t\t\t\t\t<\/div>\n\t\t<\/div>\n\t\t\t\t\t<\/div>\n\t\t<\/section>\n\t\t\t\t<section class=\"elementor-section elementor-top-section elementor-element elementor-element-88fb9e9 elementor-section-height-min-height elementor-section-items-top elementor-section-boxed elementor-section-height-default\" data-id=\"88fb9e9\" data-element_type=\"section\">\n\t\t\t\t\t\t<div class=\"elementor-container elementor-column-gap-no\">\n\t\t\t\t\t<div class=\"elementor-column elementor-col-50 elementor-top-column elementor-element elementor-element-6891c81\" data-id=\"6891c81\" data-element_type=\"column\">\n\t\t\t<div class=\"elementor-widget-wrap elementor-element-populated\">\n\t\t\t\t\t\t<div class=\"elementor-element elementor-element-7e6e69a elementor-widget elementor-widget-heading\" data-id=\"7e6e69a\" data-element_type=\"widget\" data-widget_type=\"heading.default\">\n\t\t\t\t<div class=\"elementor-widget-container\">\n\t\t\t\t\t<h2 class=\"elementor-heading-title elementor-size-default\">Schick mir eine Nachricht<\/h2>\t\t\t\t<\/div>\n\t\t\t\t<\/div>\n\t\t\t\t<div class=\"elementor-element elementor-element-108dc41 elementor-widget elementor-widget-text-editor\" data-id=\"108dc41\" data-element_type=\"widget\" data-widget_type=\"text-editor.default\">\n\t\t\t\t<div class=\"elementor-widget-container\">\n\t\t\t\t\t\t\t\t\tEgal, ob Sie neue Ideen besprechen oder ein Projekt f\u00fcr mich haben m\u00f6chten, f\u00fcllen Sie einfach dieses Formular aus und ich melde mich bald bei Ihnen.\n\n\t\t\t\t\t\t\t\t<\/div>\n\t\t\t\t<\/div>\n\t\t\t\t\t<\/div>\n\t\t<\/div>\n\t\t\t\t<div class=\"elementor-column elementor-col-50 elementor-top-column elementor-element elementor-element-01b2797\" data-id=\"01b2797\" data-element_type=\"column\">\n\t\t\t<div class=\"elementor-widget-wrap elementor-element-populated\">\n\t\t\t\t\t\t<div class=\"elementor-element elementor-element-aba1113 elementor-widget elementor-widget-wpforms\" data-id=\"aba1113\" data-element_type=\"widget\" data-widget_type=\"wpforms.default\">\n\t\t\t\t<div class=\"elementor-widget-container\">\n\t\t\t\t\t<div class=\"wpforms-container\" id=\"wpforms-7\"><form id=\"wpforms-form-7\" class=\"wpforms-validate wpforms-form\" data-formid=\"7\" method=\"post\" enctype=\"multipart\/form-data\" action=\"\/de\/wp-json\/wp\/v2\/pages\/16\" data-token=\"9da923e6891d2131094a687f1f43b0b3\" data-token-time=\"1776606688\" data-trp-original-action=\"\/de\/wp-json\/wp\/v2\/pages\/16\"><noscript class=\"wpforms-error-noscript\">Bitte aktivieren Sie JavaScript in Ihrem Browser, um dieses Formular fertigzustellen.<\/noscript><div class=\"wpforms-field-container\"><div id=\"wpforms-7-field_0-container\" class=\"wpforms-field wpforms-field-name\" data-field-id=\"0\"><label class=\"wpforms-field-label\">Name <span class=\"wpforms-required-label\">*<\/span><\/label><div class=\"wpforms-field-row wpforms-field-large\"><div class=\"wpforms-field-row-block wpforms-first wpforms-one-half\"><input type=\"text\" id=\"wpforms-7-field_0\" class=\"wpforms-field-name-first wpforms-field-required\" name=\"wpforms[fields][0][first]\" required><label for=\"wpforms-7-field_0\" class=\"wpforms-field-sublabel after\">Vorname<\/label><\/div><div class=\"wpforms-field-row-block wpforms-one-half\"><input type=\"text\" id=\"wpforms-7-field_0-last\" class=\"wpforms-field-name-last wpforms-field-required\" name=\"wpforms[fields][0][last]\" required><label for=\"wpforms-7-field_0-last\" class=\"wpforms-field-sublabel after\">Nachname<\/label><\/div><\/div><\/div><div id=\"wpforms-7-field_1-container\" class=\"wpforms-field wpforms-field-email\" data-field-id=\"1\"><label class=\"wpforms-field-label\" for=\"wpforms-7-field_1\">Email <span class=\"wpforms-required-label\">*<\/span><\/label><input type=\"email\" id=\"wpforms-7-field_1\" class=\"wpforms-field-large wpforms-field-required\" name=\"wpforms[fields][1]\" spellcheck=\"false\" required><\/div><div id=\"wpforms-7-field_2-container\" class=\"wpforms-field wpforms-field-textarea\" data-field-id=\"2\"><label class=\"wpforms-field-label\" for=\"wpforms-7-field_2\">Nachricht <span class=\"wpforms-required-label\">*<\/span><\/label><textarea id=\"wpforms-7-field_2\" class=\"wpforms-field-medium wpforms-field-required\" name=\"wpforms[fields][2]\" required><\/textarea><\/div><\/div><!-- .wpforms-field-container --><div class=\"wpforms-submit-container\" ><input type=\"hidden\" name=\"wpforms[id]\" value=\"7\"><input type=\"hidden\" name=\"page_title\" value=\"\"><input type=\"hidden\" name=\"page_url\" value=\"https:\/\/www.roderickluckow.com\/de\/wp-json\/wp\/v2\/pages\/16\"><button type=\"submit\" name=\"wpforms[submit]\" id=\"wpforms-submit-7\" class=\"wpforms-submit\" data-alt-text=\"Sending...\" data-submit-text=\"Submit\" aria-live=\"assertive\" value=\"wpforms-submit\">Einreichen<\/button><\/div><input type=\"hidden\" name=\"trp-form-language\" value=\"de\"\/><\/form><\/div>  <!-- .wpforms-container -->\t\t\t\t<\/div>\n\t\t\t\t<\/div>\n\t\t\t\t\t<\/div>\n\t\t<\/div>\n\t\t\t\t\t<\/div>\n\t\t<\/section>\n\t\t\t\t<\/div>","protected":false},"excerpt":{"rendered":"","protected":false},"author":1,"featured_media":0,"parent":0,"menu_order":0,"comment_status":"closed","ping_status":"closed","template":"","meta":{"om_disable_all_campaigns":false,"site-sidebar-layout":"no-sidebar","site-content-layout":"page-builder","ast-global-header-display":"","ast-banner-title-visibility":"","ast-main-header-display":"","ast-hfb-above-header-display":"","ast-hfb-below-header-display":"","ast-hfb-mobile-header-display":"","site-post-title":"disabled","ast-breadcrumbs-content":"disabled","ast-featured-img":"disabled","footer-sml-layout":"","theme-transparent-header-meta":"enabled","adv-header-id-meta":"","stick-header-meta":"","header-above-stick-meta":"","header-main-stick-meta":"","header-below-stick-meta":"","footnotes":""},"class_list":["post-16","page","type-page","status-publish","hentry"],"yoast_head":"<!-- This site is optimized with the Yoast SEO plugin v23.9 - https:\/\/yoast.com\/wordpress\/plugins\/seo\/ -->\n<title>Contact - Roderick Luckow | RL Consulting<\/title>\n<meta name=\"robots\" content=\"index, follow, max-snippet:-1, max-image-preview:large, max-video-preview:-1\" \/>\n<link rel=\"canonical\" href=\"https:\/\/www.roderickluckow.com\/de\/contact\/\" \/>\n<meta property=\"og:locale\" content=\"de_DE\" \/>\n<meta property=\"og:type\" content=\"article\" \/>\n<meta property=\"og:title\" content=\"Contact - Roderick Luckow | RL Consulting\" \/>\n<meta property=\"og:url\" content=\"https:\/\/www.roderickluckow.com\/de\/contact\/\" \/>\n<meta property=\"og:site_name\" content=\"Roderick Luckow | RL Consulting\" \/>\n<meta property=\"article:modified_time\" content=\"2023-06-20T11:29:37+00:00\" \/>\n<meta name=\"twitter:card\" content=\"summary_large_image\" \/>\n<meta name=\"twitter:label1\" content=\"Gesch\u00e4tzte Lesezeit\" \/>\n\t<meta name=\"twitter:data1\" content=\"1\u00a0Minute\" \/>\n<script type=\"application\/ld+json\" class=\"yoast-schema-graph\">{\"@context\":\"https:\/\/schema.org\",\"@graph\":[{\"@type\":\"WebPage\",\"@id\":\"https:\/\/www.roderickluckow.com\/contact\/\",\"url\":\"https:\/\/www.roderickluckow.com\/contact\/\",\"name\":\"Contact - Roderick Luckow | RL Consulting\",\"isPartOf\":{\"@id\":\"https:\/\/www.roderickluckow.com\/#website\"},\"datePublished\":\"2021-05-19T07:42:09+00:00\",\"dateModified\":\"2023-06-20T11:29:37+00:00\",\"breadcrumb\":{\"@id\":\"https:\/\/www.roderickluckow.com\/contact\/#breadcrumb\"},\"inLanguage\":\"de-CH\",\"potentialAction\":[{\"@type\":\"ReadAction\",\"target\":[\"https:\/\/www.roderickluckow.com\/contact\/\"]}]},{\"@type\":\"BreadcrumbList\",\"@id\":\"https:\/\/www.roderickluckow.com\/contact\/#breadcrumb\",\"itemListElement\":[{\"@type\":\"ListItem\",\"position\":1,\"name\":\"Home\",\"item\":\"https:\/\/www.roderickluckow.com\/\"},{\"@type\":\"ListItem\",\"position\":2,\"name\":\"Contact\"}]},{\"@type\":\"WebSite\",\"@id\":\"https:\/\/www.roderickluckow.com\/#website\",\"url\":\"https:\/\/www.roderickluckow.com\/\",\"name\":\"Roderick Luckow | RL Consulting\",\"description\":\"Website Design, SEO, Copywriting, IT Consulting\",\"publisher\":{\"@id\":\"https:\/\/www.roderickluckow.com\/#organization\"},\"potentialAction\":[{\"@type\":\"SearchAction\",\"target\":{\"@type\":\"EntryPoint\",\"urlTemplate\":\"https:\/\/www.roderickluckow.com\/?s={search_term_string}\"},\"query-input\":{\"@type\":\"PropertyValueSpecification\",\"valueRequired\":true,\"valueName\":\"search_term_string\"}}],\"inLanguage\":\"de-CH\"},{\"@type\":\"Organization\",\"@id\":\"https:\/\/www.roderickluckow.com\/#organization\",\"name\":\"Roderick Luckow | RL Consulting\",\"url\":\"https:\/\/www.roderickluckow.com\/\",\"logo\":{\"@type\":\"ImageObject\",\"inLanguage\":\"de-CH\",\"@id\":\"https:\/\/www.roderickluckow.com\/#\/schema\/logo\/image\/\",\"url\":\"https:\/\/www.roderickluckow.com\/wp-content\/uploads\/2023\/06\/logo-blue-no-background-160px.png\",\"contentUrl\":\"https:\/\/www.roderickluckow.com\/wp-content\/uploads\/2023\/06\/logo-blue-no-background-160px.png\",\"width\":180,\"height\":157,\"caption\":\"Roderick Luckow | RL Consulting\"},\"image\":{\"@id\":\"https:\/\/www.roderickluckow.com\/#\/schema\/logo\/image\/\"}}]}<\/script>\n<!-- \/ Yoast SEO plugin. -->","yoast_head_json":{"title":"Kontakt - Roderick Luckow | RL Consulting","robots":{"index":"index","follow":"follow","max-snippet":"max-snippet:-1","max-image-preview":"max-image-preview:large","max-video-preview":"max-video-preview:-1"},"canonical":"https:\/\/www.roderickluckow.com\/de\/contact\/","og_locale":"de_DE","og_type":"article","og_title":"Contact - Roderick Luckow | RL Consulting","og_url":"https:\/\/www.roderickluckow.com\/de\/contact\/","og_site_name":"Roderick Luckow | RL Consulting","article_modified_time":"2023-06-20T11:29:37+00:00","twitter_card":"summary_large_image","twitter_misc":{"Gesch\u00e4tzte Lesezeit":"1\u00a0Minute"},"schema":{"@context":"https:\/\/schema.org","@graph":[{"@type":"WebPage","@id":"https:\/\/www.roderickluckow.com\/contact\/","url":"https:\/\/www.roderickluckow.com\/contact\/","name":"Kontakt - Roderick Luckow | RL Consulting","isPartOf":{"@id":"https:\/\/www.roderickluckow.com\/#website"},"datePublished":"2021-05-19T07:42:09+00:00","dateModified":"2023-06-20T11:29:37+00:00","breadcrumb":{"@id":"https:\/\/www.roderickluckow.com\/contact\/#breadcrumb"},"inLanguage":"de-CH","potentialAction":[{"@type":"ReadAction","target":["https:\/\/www.roderickluckow.com\/contact\/"]}]},{"@type":"BreadcrumbList","@id":"https:\/\/www.roderickluckow.com\/contact\/#breadcrumb","itemListElement":[{"@type":"ListItem","position":1,"name":"Home","item":"https:\/\/www.roderickluckow.com\/"},{"@type":"ListItem","position":2,"name":"Contact"}]},{"@type":"WebSite","@id":"https:\/\/www.roderickluckow.com\/#website","url":"https:\/\/www.roderickluckow.com\/","name":"Roderick Luckow | RL Consulting","description":"Website-Design, SEO, Texterstellung, IT-Beratung","publisher":{"@id":"https:\/\/www.roderickluckow.com\/#organization"},"potentialAction":[{"@type":"SearchAction","target":{"@type":"EntryPoint","urlTemplate":"https:\/\/www.roderickluckow.com\/?s={search_term_string}"},"query-input":{"@type":"PropertyValueSpecification","valueRequired":true,"valueName":"search_term_string"}}],"inLanguage":"de-CH"},{"@type":"Organization","@id":"https:\/\/www.roderickluckow.com\/#organization","name":"Roderick Luckow | RL Consulting","url":"https:\/\/www.roderickluckow.com\/","logo":{"@type":"ImageObject","inLanguage":"de-CH","@id":"https:\/\/www.roderickluckow.com\/#\/schema\/logo\/image\/","url":"https:\/\/www.roderickluckow.com\/wp-content\/uploads\/2023\/06\/logo-blue-no-background-160px.png","contentUrl":"https:\/\/www.roderickluckow.com\/wp-content\/uploads\/2023\/06\/logo-blue-no-background-160px.png","width":180,"height":157,"caption":"Roderick Luckow | RL Consulting"},"image":{"@id":"https:\/\/www.roderickluckow.com\/#\/schema\/logo\/image\/"}}]}},"_links":{"self":[{"href":"https:\/\/www.roderickluckow.com\/de\/wp-json\/wp\/v2\/pages\/16","targetHints":{"allow":["GET"]}}],"collection":[{"href":"https:\/\/www.roderickluckow.com\/de\/wp-json\/wp\/v2\/pages"}],"about":[{"href":"https:\/\/www.roderickluckow.com\/de\/wp-json\/wp\/v2\/types\/page"}],"author":[{"embeddable":true,"href":"https:\/\/www.roderickluckow.com\/de\/wp-json\/wp\/v2\/users\/1"}],"replies":[{"embeddable":true,"href":"https:\/\/www.roderickluckow.com\/de\/wp-json\/wp\/v2\/comments?post=16"}],"version-history":[{"count":1,"href":"https:\/\/www.roderickluckow.com\/de\/wp-json\/wp\/v2\/pages\/16\/revisions"}],"predecessor-version":[{"id":500,"href":"https:\/\/www.roderickluckow.com\/de\/wp-json\/wp\/v2\/pages\/16\/revisions\/500"}],"wp:attachment":[{"href":"https:\/\/www.roderickluckow.com\/de\/wp-json\/wp\/v2\/media?parent=16"}],"curies":[{"name":"wp","href":"https:\/\/api.w.org\/{rel}","templated":true}]}}